{"id":97,"date":"2014-03-19T15:42:29","date_gmt":"2014-03-19T13:42:29","guid":{"rendered":"http:\/\/www.kindergruppe-feenzauber.at\/?page_id=97"},"modified":"2023-11-29T13:53:23","modified_gmt":"2023-11-29T11:53:23","slug":"anmeldung-und-kosten","status":"publish","type":"page","link":"https:\/\/kindergruppe-feenzauber.at\/?page_id=97","title":{"rendered":"Unser Angebot"},"content":{"rendered":"<p><strong><span style=\"color: #008000;\"><i>\u201eDie Aufgabe der Umgebung ist nicht, das Kind zu formen, sondern ihm zu erlauben, sich zu offenbaren.&#8220;\u00a0 <\/i><\/span><\/strong>\u00a0\u00a0\u00a0\u00a0\u00a0\u00a0\u00a0\u00a0\u00a0\u00a0\u00a0\u00a0\u00a0\u00a0\u00a0\u00a0\u00a0\u00a0\u00a0\u00a0\u00a0\u00a0\u00a0\u00a0\u00a0\u00a0\u00a0\u00a0\u00a0\u00a0\u00a0\u00a0\u00a0\u00a0\u00a0\u00a0\u00a0\u00a0\u00a0\u00a0\u00a0\u00a0\u00a0\u00a0\u00a0\u00a0\u00a0\u00a0\u00a0\u00a0\u00a0\u00a0\u00a0\u00a0\u00a0\u00a0\u00a0\u00a0\u00a0\u00a0\u00a0\u00a0\u00a0\u00a0\u00a0\u00a0\u00a0\u00a0\u00a0\u00a0\u00a0\u00a0\u00a0\u00a0\u00a0\u00a0\u00a0\u00a0\u00a0\u00a0\u00a0\u00a0\u00a0\u00a0\u00a0\u00a0\u00a0\u00a0\u00a0\u00a0\u00a0\u00a0\u00a0\u00a0\u00a0\u00a0\u00a0\u00a0\u00a0\u00a0\u00a0\u00a0\u00a0 <span style=\"color: #008000;\">Maria Montessori<\/span><\/p>\n<p style=\"text-align: justify;\">\u00a0<span style=\"color: #000000;\">Wir laden herzlich ein, in unserer Kindergruppe \u201eFeenzauber\u201c mit uns eine partnerschaftliche Kind-Eltern-Betreuer-Beziehung einzugehen. F\u00fcr alle diesbez\u00fcglichen Fragen stehen wir nat\u00fcrlich gerne zur Verf\u00fcgung.<\/span><\/p>\n<p style=\"text-align: justify;\"><span style=\"color: #000000;\">Die Betreuung ist durch die F\u00f6rderung der Stadt Wien MA 10 beitragsfrei. Voraussetzungen und Kosten f\u00fcr die Aufnahme mit gef\u00f6rdertem Platz, ist der Hauptwohnsitz des Kindes und eines Elternteiles in Wien, mit einer <a href=\"https:\/\/www.wien.gv.at\/bildung\/kindergarten\/regelungen.html\">Kundennummer im Verzeichnis der Wiener Kindergartenkinder<\/a>. Die Mindestanwesenheitszeit eines Kindes betr\u00e4gt 16 Stunden in der Woche.<\/span><\/p>\n<p style=\"text-align: justify;\"><span style=\"color: #008000;\"><strong>Unsere Kindergruppe ist \u201eselbst organisiert\u201c, das bedeutet, dass keine Elterndienste (Kochen, Putzen etc.) anfallen.<\/strong> <\/span><\/p>\n<p>&nbsp;<\/p>\n","protected":false},"excerpt":{"rendered":"<p>\u201eDie Aufgabe der Umgebung ist nicht, das Kind zu formen, sondern ihm zu erlauben, sich zu offenbaren.&#8220;\u00a0 \u00a0\u00a0\u00a0\u00a0\u00a0\u00a0\u00a0\u00a0\u00a0\u00a0\u00a0\u00a0\u00a0\u00a0\u00a0\u00a0\u00a0\u00a0\u00a0\u00a0\u00a0\u00a0\u00a0\u00a0\u00a0\u00a0\u00a0\u00a0\u00a0\u00a0\u00a0\u00a0\u00a0\u00a0\u00a0\u00a0\u00a0\u00a0\u00a0\u00a0\u00a0\u00a0\u00a0\u00a0\u00a0\u00a0\u00a0\u00a0\u00a0\u00a0\u00a0\u00a0\u00a0\u00a0\u00a0\u00a0\u00a0\u00a0\u00a0\u00a0\u00a0\u00a0\u00a0\u00a0\u00a0\u00a0\u00a0\u00a0\u00a0\u00a0\u00a0\u00a0\u00a0\u00a0\u00a0\u00a0\u00a0\u00a0\u00a0\u00a0\u00a0\u00a0\u00a0\u00a0\u00a0\u00a0\u00a0\u00a0\u00a0\u00a0\u00a0\u00a0\u00a0\u00a0\u00a0\u00a0\u00a0\u00a0\u00a0\u00a0\u00a0\u00a0\u00a0 Maria Montessori \u00a0Wir laden herzlich ein, in unserer Kindergruppe \u201eFeenzauber\u201c mit uns eine partnerschaftliche Kind-Eltern-Betreuer-Beziehung einzugehen. F\u00fcr alle diesbez\u00fcglichen Fragen stehen wir nat\u00fcrlich gerne zur Verf\u00fcgung. Die Betreuung ist durch die F\u00f6rderung der Stadt Wien MA 10 &hellip; <a href=\"https:\/\/kindergruppe-feenzauber.at\/?page_id=97\" class=\"more-link\"><span class=\"screen-reader-text\">Unser Angebot<\/span> weiterlesen <span class=\"meta-nav\">&rarr;<\/span><\/a><\/p>\n","protected":false},"author":1001002,"featured_media":0,"parent":0,"menu_order":0,"comment_status":"closed","ping_status":"closed","template":"","meta":{"footnotes":""},"class_list":["post-97","page","type-page","status-publish","hentry"],"_links":{"self":[{"href":"https:\/\/kindergruppe-feenzauber.at\/index.php?rest_route=\/wp\/v2\/pages\/97","targetHints":{"allow":["GET"]}}],"collection":[{"href":"https:\/\/kindergruppe-feenzauber.at\/index.php?rest_route=\/wp\/v2\/pages"}],"about":[{"href":"https:\/\/kindergruppe-feenzauber.at\/index.php?rest_route=\/wp\/v2\/types\/page"}],"author":[{"embeddable":true,"href":"https:\/\/kindergruppe-feenzauber.at\/index.php?rest_route=\/wp\/v2\/users\/1001002"}],"replies":[{"embeddable":true,"href":"https:\/\/kindergruppe-feenzauber.at\/index.php?rest_route=%2Fwp%2Fv2%2Fcomments&post=97"}],"version-history":[{"count":27,"href":"https:\/\/kindergruppe-feenzauber.at\/index.php?rest_route=\/wp\/v2\/pages\/97\/revisions"}],"predecessor-version":[{"id":739,"href":"https:\/\/kindergruppe-feenzauber.at\/index.php?rest_route=\/wp\/v2\/pages\/97\/revisions\/739"}],"wp:attachment":[{"href":"https:\/\/kindergruppe-feenzauber.at\/index.php?rest_route=%2Fwp%2Fv2%2Fmedia&parent=97"}],"curies":[{"name":"wp","href":"https:\/\/api.w.org\/{rel}","templated":true}]}}