{"id":355,"date":"2014-04-27T20:40:54","date_gmt":"2014-04-27T18:40:54","guid":{"rendered":"http:\/\/www.kindergruppe-feenzauber.at\/?page_id=355"},"modified":"2025-05-25T14:36:08","modified_gmt":"2025-05-25T12:36:08","slug":"kosten","status":"publish","type":"page","link":"https:\/\/kindergruppe-feenzauber.at\/?page_id=355","title":{"rendered":"Kosten"},"content":{"rendered":"<p><strong><span style=\"color: #008000;\"><span style=\"text-decoration: underline;\">Kosten f\u00fcr einen Betreuungsplatz:<\/span><\/span><\/strong><\/p>\n<p><span style=\"color: #008000;\"><b>Anmeldegeb\u00fchr:<\/b><\/span> pro Kind \u20ac 150,- (einmalig)<\/p>\n<p><span style=\"color: #008000;\"><b>Kaution:\u00a0<\/b><\/span>\u00a0 pro Kind \u20ac 180,- (wird bei Austritt r\u00fcckerstattet)<\/p>\n<p>Die Kindergruppe wird von der MA10 gef\u00f6rdert. F\u00fcr Zusatzleistungen (Zus\u00e4tzliche Qualifikationen des Personals, kleine Gruppengr\u00f6\u00dfe, sehr guter Betreuungsschl\u00fcssel, frisch zubereitetes Bio-Essen, etc.) f\u00e4llt derzeit zus\u00e4tzlich ein monatlicher Elternbeitrag an.<\/p>\n<p><span style=\"color: #008000;\"><b>Monatlicher Elternbeitrag<\/b>\u00a0<\/span> \u20ac 240,-<\/p>\n<p><span style=\"color: #008000;\"><b>Monatlicher Essensbeitrag<\/b>:<\/span><\/p>\n<p>halbtags: \u20ac 60,- \/Teilzeit: \u20ac 100,- \/ganztags: \u20ac 100,-<\/p>\n<p style=\"text-align: justify;\">Bei einem Familieneinkommen unter \u20ac 1.100.- netto wird der Essensbeitrag von der MA11 gef\u00f6rdert.<\/p>\n<p style=\"text-align: justify;\">\n","protected":false},"excerpt":{"rendered":"<p>Kosten f\u00fcr einen Betreuungsplatz: Anmeldegeb\u00fchr: pro Kind \u20ac 150,- (einmalig) Kaution:\u00a0\u00a0 pro Kind \u20ac 180,- (wird bei Austritt r\u00fcckerstattet) Die Kindergruppe wird von der MA10 gef\u00f6rdert. F\u00fcr Zusatzleistungen (Zus\u00e4tzliche Qualifikationen des Personals, kleine Gruppengr\u00f6\u00dfe, sehr guter Betreuungsschl\u00fcssel, frisch zubereitetes Bio-Essen, etc.) f\u00e4llt derzeit zus\u00e4tzlich ein monatlicher Elternbeitrag an. Monatlicher Elternbeitrag\u00a0 \u20ac 240,- Monatlicher Essensbeitrag: halbtags: &hellip; <a href=\"https:\/\/kindergruppe-feenzauber.at\/?page_id=355\" class=\"more-link\"><span class=\"screen-reader-text\">Kosten<\/span> weiterlesen <span class=\"meta-nav\">&rarr;<\/span><\/a><\/p>\n","protected":false},"author":1001002,"featured_media":0,"parent":0,"menu_order":0,"comment_status":"closed","ping_status":"closed","template":"","meta":{"footnotes":""},"class_list":["post-355","page","type-page","status-publish","hentry"],"_links":{"self":[{"href":"https:\/\/kindergruppe-feenzauber.at\/index.php?rest_route=\/wp\/v2\/pages\/355","targetHints":{"allow":["GET"]}}],"collection":[{"href":"https:\/\/kindergruppe-feenzauber.at\/index.php?rest_route=\/wp\/v2\/pages"}],"about":[{"href":"https:\/\/kindergruppe-feenzauber.at\/index.php?rest_route=\/wp\/v2\/types\/page"}],"author":[{"embeddable":true,"href":"https:\/\/kindergruppe-feenzauber.at\/index.php?rest_route=\/wp\/v2\/users\/1001002"}],"replies":[{"embeddable":true,"href":"https:\/\/kindergruppe-feenzauber.at\/index.php?rest_route=%2Fwp%2Fv2%2Fcomments&post=355"}],"version-history":[{"count":31,"href":"https:\/\/kindergruppe-feenzauber.at\/index.php?rest_route=\/wp\/v2\/pages\/355\/revisions"}],"predecessor-version":[{"id":733,"href":"https:\/\/kindergruppe-feenzauber.at\/index.php?rest_route=\/wp\/v2\/pages\/355\/revisions\/733"}],"wp:attachment":[{"href":"https:\/\/kindergruppe-feenzauber.at\/index.php?rest_route=%2Fwp%2Fv2%2Fmedia&parent=355"}],"curies":[{"name":"wp","href":"https:\/\/api.w.org\/{rel}","templated":true}]}}