{"id":29,"date":"2014-03-19T12:10:57","date_gmt":"2014-03-19T10:10:57","guid":{"rendered":"http:\/\/www.kindergruppe-feenzauber.at\/?page_id=29"},"modified":"2023-12-03T15:01:05","modified_gmt":"2023-12-03T13:01:05","slug":"kindergruppe","status":"publish","type":"page","link":"https:\/\/kindergruppe-feenzauber.at\/?page_id=29","title":{"rendered":"Kindergruppe"},"content":{"rendered":"<p style=\"text-align: justify;\"><span style=\"color: #000000;\">Der gemeinn\u00fctzige Verein \u201eKindergruppe Feenzauber\u201c bietet Kindern von 0\u00a0\u00a0bis 3 Jahren im Kreise unserer Familie einen gesch\u00fctzten Rahmen, indem Neugierde erlaubt und Kreativit\u00e4t, Spontaneit\u00e4t, wie das Ausleben der Emotionen erm\u00f6glicht wird. \u00a0\u00a0\u00a0 <\/span><\/p>\n<p style=\"text-align: justify;\"><span style=\"color: #000000;\">Unsere R\u00e4umlichkeiten (92 m2) der Kindergruppe bestehen aus einem gro\u00dfen \u00a0Vorraum mit Garderobe, einer K\u00fcche, einem WC, einem Waschraum mit Wickeltisch, einem Gruppenraum, einem Atelier\/Beratungszimmer und einem Bewegungsraum mit Schlafecke. In unserem kleinen Hof lernen wir Verantwortung \u00fcber viele Blumen, Pflanzen und Kr\u00e4uter zu \u00fcbernehmen. Au\u00dferdem bieten wir hier auch einen Kletterturm mit Rutsche.<\/span><\/p>\n","protected":false},"excerpt":{"rendered":"<p>Der gemeinn\u00fctzige Verein \u201eKindergruppe Feenzauber\u201c bietet Kindern von 0\u00a0\u00a0bis 3 Jahren im Kreise unserer Familie einen gesch\u00fctzten Rahmen, indem Neugierde erlaubt und Kreativit\u00e4t, Spontaneit\u00e4t, wie das Ausleben der Emotionen erm\u00f6glicht wird. \u00a0\u00a0\u00a0 Unsere R\u00e4umlichkeiten (92 m2) der Kindergruppe bestehen aus einem gro\u00dfen \u00a0Vorraum mit Garderobe, einer K\u00fcche, einem WC, einem Waschraum mit Wickeltisch, einem Gruppenraum, &hellip; <a href=\"https:\/\/kindergruppe-feenzauber.at\/?page_id=29\" class=\"more-link\"><span class=\"screen-reader-text\">Kindergruppe<\/span> weiterlesen <span class=\"meta-nav\">&rarr;<\/span><\/a><\/p>\n","protected":false},"author":1001002,"featured_media":0,"parent":0,"menu_order":0,"comment_status":"closed","ping_status":"closed","template":"","meta":{"footnotes":""},"class_list":["post-29","page","type-page","status-publish","hentry"],"_links":{"self":[{"href":"https:\/\/kindergruppe-feenzauber.at\/index.php?rest_route=\/wp\/v2\/pages\/29","targetHints":{"allow":["GET"]}}],"collection":[{"href":"https:\/\/kindergruppe-feenzauber.at\/index.php?rest_route=\/wp\/v2\/pages"}],"about":[{"href":"https:\/\/kindergruppe-feenzauber.at\/index.php?rest_route=\/wp\/v2\/types\/page"}],"author":[{"embeddable":true,"href":"https:\/\/kindergruppe-feenzauber.at\/index.php?rest_route=\/wp\/v2\/users\/1001002"}],"replies":[{"embeddable":true,"href":"https:\/\/kindergruppe-feenzauber.at\/index.php?rest_route=%2Fwp%2Fv2%2Fcomments&post=29"}],"version-history":[{"count":8,"href":"https:\/\/kindergruppe-feenzauber.at\/index.php?rest_route=\/wp\/v2\/pages\/29\/revisions"}],"predecessor-version":[{"id":728,"href":"https:\/\/kindergruppe-feenzauber.at\/index.php?rest_route=\/wp\/v2\/pages\/29\/revisions\/728"}],"wp:attachment":[{"href":"https:\/\/kindergruppe-feenzauber.at\/index.php?rest_route=%2Fwp%2Fv2%2Fmedia&parent=29"}],"curies":[{"name":"wp","href":"https:\/\/api.w.org\/{rel}","templated":true}]}}